{"id":148,"date":"2024-09-09T22:49:45","date_gmt":"2024-09-09T22:49:45","guid":{"rendered":"https:\/\/jordankalfon.com\/?page_id=148"},"modified":"2024-09-10T14:25:22","modified_gmt":"2024-09-10T14:25:22","slug":"contact","status":"publish","type":"page","link":"https:\/\/jordankalfon.com\/en\/contact\/","title":{"rendered":"Contact"},"content":{"rendered":"<div class=\"wp-block-group alignfull has-accent-5-background-color has-background has-global-padding is-layout-constrained wp-container-core-group-is-layout-d89aad35 wp-block-group-is-layout-constrained\" style=\"margin-top:0;margin-bottom:0;padding-top:var(--wp--preset--spacing--50);padding-right:var(--wp--preset--spacing--50);padding-bottom:var(--wp--preset--spacing--50);padding-left:var(--wp--preset--spacing--50)\">\n<div class=\"wp-block-columns alignwide is-layout-flex wp-container-core-columns-is-layout-1da03c2a wp-block-columns-is-layout-flex\">\n<div class=\"wp-block-column is-vertically-aligned-center is-layout-flow wp-block-column-is-layout-flow\" style=\"flex-basis:60%\">\n<figure class=\"wp-block-image size-full is-style-rounded wp-duotone-duotone-1 is-style-rounded--1\"><img loading=\"lazy\" decoding=\"async\" width=\"2048\" height=\"2560\" src=\"https:\/\/jordankalfon.com\/wp-content\/uploads\/2024\/09\/DSCF1229-2-scaled.jpg\" alt=\"\" class=\"wp-image-150\" style=\"aspect-ratio:4\/3;object-fit:cover\" srcset=\"https:\/\/jordankalfon.com\/wp-content\/uploads\/2024\/09\/DSCF1229-2-scaled.jpg 2048w, https:\/\/jordankalfon.com\/wp-content\/uploads\/2024\/09\/DSCF1229-2-240x300.jpg 240w, https:\/\/jordankalfon.com\/wp-content\/uploads\/2024\/09\/DSCF1229-2-819x1024.jpg 819w, https:\/\/jordankalfon.com\/wp-content\/uploads\/2024\/09\/DSCF1229-2-768x960.jpg 768w, https:\/\/jordankalfon.com\/wp-content\/uploads\/2024\/09\/DSCF1229-2-1229x1536.jpg 1229w, https:\/\/jordankalfon.com\/wp-content\/uploads\/2024\/09\/DSCF1229-2-1638x2048.jpg 1638w\" sizes=\"auto, (max-width: 2048px) 100vw, 2048px\" \/><\/figure>\n<\/div>\n\n\n\n<div class=\"wp-block-column is-layout-flow wp-block-column-is-layout-flow\" style=\"flex-basis:40%\">\n<h2 class=\"wp-block-heading has-text-align-center\">Think we could collaborate?<\/h2>\n\n\n\n<p>I\u2019d be happy to discuss your project and create a service proposal tailored to your needs.<\/p>\n\n\n\n<div class=\"wp-block-buttons is-content-justification-center is-layout-flex wp-container-core-buttons-is-layout-a89b3969 wp-block-buttons-is-layout-flex\">\n<div class=\"wp-block-button\"><a class=\"wp-block-button__link wp-element-button\" href=\"mailto:contact@jordankalfon.com\">Contact me<\/a><\/div>\n<\/div>\n<\/div>\n<\/div>\n<\/div>\n\n\n\n<p><\/p>","protected":false},"excerpt":{"rendered":"<p>Vous pensez que nous pouvons collaborer ? Il me fera plaisir de discuter avec vous de votre projet et \u00e9laborer une offre de service qui r\u00e9pondra \u00e0 vos besoins.<\/p>","protected":false},"author":1,"featured_media":0,"parent":0,"menu_order":0,"comment_status":"closed","ping_status":"closed","template":"","meta":{"footnotes":""},"class_list":["post-148","page","type-page","status-publish","hentry"],"yoast_head":"<!-- This site is optimized with the Yoast SEO plugin v23.4 - https:\/\/yoast.com\/wordpress\/plugins\/seo\/ -->\n<title>Contact - Jordan Kalfon<\/title>\n<meta name=\"robots\" content=\"index, follow, max-snippet:-1, max-image-preview:large, max-video-preview:-1\" \/>\n<link rel=\"canonical\" href=\"https:\/\/jordankalfon.com\/en\/contact\/\" \/>\n<meta property=\"og:locale\" content=\"en_US\" \/>\n<meta property=\"og:type\" content=\"article\" \/>\n<meta property=\"og:title\" content=\"Contact - Jordan Kalfon\" \/>\n<meta property=\"og:description\" content=\"Vous pensez que nous pouvons collaborer ? Il me fera plaisir de discuter avec vous de votre projet et \u00e9laborer une offre de service qui r\u00e9pondra \u00e0 vos besoins.\" \/>\n<meta property=\"og:url\" content=\"https:\/\/jordankalfon.com\/en\/contact\/\" \/>\n<meta property=\"og:site_name\" content=\"Jordan Kalfon\" \/>\n<meta property=\"article:modified_time\" content=\"2024-09-10T14:25:22+00:00\" \/>\n<meta property=\"og:image\" content=\"https:\/\/jordankalfon.com\/wp-content\/uploads\/2024\/09\/DSCF1229-2-scaled.jpg\" \/>\n<meta name=\"twitter:card\" content=\"summary_large_image\" \/>\n<script type=\"application\/ld+json\" class=\"yoast-schema-graph\">{\"@context\":\"https:\/\/schema.org\",\"@graph\":[{\"@type\":\"WebPage\",\"@id\":\"https:\/\/jordankalfon.com\/contact\/\",\"url\":\"https:\/\/jordankalfon.com\/contact\/\",\"name\":\"Contact - Jordan Kalfon\",\"isPartOf\":{\"@id\":\"https:\/\/jordankalfon.com\/#website\"},\"primaryImageOfPage\":{\"@id\":\"https:\/\/jordankalfon.com\/contact\/#primaryimage\"},\"image\":{\"@id\":\"https:\/\/jordankalfon.com\/contact\/#primaryimage\"},\"thumbnailUrl\":\"https:\/\/jordankalfon.com\/wp-content\/uploads\/2024\/09\/DSCF1229-2-scaled.jpg\",\"datePublished\":\"2024-09-09T22:49:45+00:00\",\"dateModified\":\"2024-09-10T14:25:22+00:00\",\"breadcrumb\":{\"@id\":\"https:\/\/jordankalfon.com\/contact\/#breadcrumb\"},\"inLanguage\":\"en-CA\",\"potentialAction\":[{\"@type\":\"ReadAction\",\"target\":[\"https:\/\/jordankalfon.com\/contact\/\"]}]},{\"@type\":\"ImageObject\",\"inLanguage\":\"en-CA\",\"@id\":\"https:\/\/jordankalfon.com\/contact\/#primaryimage\",\"url\":\"https:\/\/jordankalfon.com\/wp-content\/uploads\/2024\/09\/DSCF1229-2-scaled.jpg\",\"contentUrl\":\"https:\/\/jordankalfon.com\/wp-content\/uploads\/2024\/09\/DSCF1229-2-scaled.jpg\"},{\"@type\":\"BreadcrumbList\",\"@id\":\"https:\/\/jordankalfon.com\/contact\/#breadcrumb\",\"itemListElement\":[{\"@type\":\"ListItem\",\"position\":1,\"name\":\"Accueil\",\"item\":\"https:\/\/jordankalfon.com\/\"},{\"@type\":\"ListItem\",\"position\":2,\"name\":\"Contact\"}]},{\"@type\":\"WebSite\",\"@id\":\"https:\/\/jordankalfon.com\/#website\",\"url\":\"https:\/\/jordankalfon.com\/\",\"name\":\"Jordan Kalfon\",\"description\":\"Producteur et strat\u00e8ge de contenu num\u00e9rique\",\"potentialAction\":[{\"@type\":\"SearchAction\",\"target\":{\"@type\":\"EntryPoint\",\"urlTemplate\":\"https:\/\/jordankalfon.com\/?s={search_term_string}\"},\"query-input\":{\"@type\":\"PropertyValueSpecification\",\"valueRequired\":true,\"valueName\":\"search_term_string\"}}],\"inLanguage\":\"en-CA\"}]}<\/script>\n<!-- \/ Yoast SEO plugin. -->","yoast_head_json":{"title":"Contact - Jordan Kalfon","robots":{"index":"index","follow":"follow","max-snippet":"max-snippet:-1","max-image-preview":"max-image-preview:large","max-video-preview":"max-video-preview:-1"},"canonical":"https:\/\/jordankalfon.com\/en\/contact\/","og_locale":"en_US","og_type":"article","og_title":"Contact - Jordan Kalfon","og_description":"Vous pensez que nous pouvons collaborer ? Il me fera plaisir de discuter avec vous de votre projet et \u00e9laborer une offre de service qui r\u00e9pondra \u00e0 vos besoins.","og_url":"https:\/\/jordankalfon.com\/en\/contact\/","og_site_name":"Jordan Kalfon","article_modified_time":"2024-09-10T14:25:22+00:00","og_image":[{"url":"https:\/\/jordankalfon.com\/wp-content\/uploads\/2024\/09\/DSCF1229-2-scaled.jpg"}],"twitter_card":"summary_large_image","schema":{"@context":"https:\/\/schema.org","@graph":[{"@type":"WebPage","@id":"https:\/\/jordankalfon.com\/contact\/","url":"https:\/\/jordankalfon.com\/contact\/","name":"Contact - Jordan Kalfon","isPartOf":{"@id":"https:\/\/jordankalfon.com\/#website"},"primaryImageOfPage":{"@id":"https:\/\/jordankalfon.com\/contact\/#primaryimage"},"image":{"@id":"https:\/\/jordankalfon.com\/contact\/#primaryimage"},"thumbnailUrl":"https:\/\/jordankalfon.com\/wp-content\/uploads\/2024\/09\/DSCF1229-2-scaled.jpg","datePublished":"2024-09-09T22:49:45+00:00","dateModified":"2024-09-10T14:25:22+00:00","breadcrumb":{"@id":"https:\/\/jordankalfon.com\/contact\/#breadcrumb"},"inLanguage":"en-CA","potentialAction":[{"@type":"ReadAction","target":["https:\/\/jordankalfon.com\/contact\/"]}]},{"@type":"ImageObject","inLanguage":"en-CA","@id":"https:\/\/jordankalfon.com\/contact\/#primaryimage","url":"https:\/\/jordankalfon.com\/wp-content\/uploads\/2024\/09\/DSCF1229-2-scaled.jpg","contentUrl":"https:\/\/jordankalfon.com\/wp-content\/uploads\/2024\/09\/DSCF1229-2-scaled.jpg"},{"@type":"BreadcrumbList","@id":"https:\/\/jordankalfon.com\/contact\/#breadcrumb","itemListElement":[{"@type":"ListItem","position":1,"name":"Accueil","item":"https:\/\/jordankalfon.com\/"},{"@type":"ListItem","position":2,"name":"Contact"}]},{"@type":"WebSite","@id":"https:\/\/jordankalfon.com\/#website","url":"https:\/\/jordankalfon.com\/","name":"Jordan Kalfon","description":"Producteur et strat\u00e8ge de contenu num\u00e9rique","potentialAction":[{"@type":"SearchAction","target":{"@type":"EntryPoint","urlTemplate":"https:\/\/jordankalfon.com\/?s={search_term_string}"},"query-input":{"@type":"PropertyValueSpecification","valueRequired":true,"valueName":"search_term_string"}}],"inLanguage":"en-CA"}]}},"_links":{"self":[{"href":"https:\/\/jordankalfon.com\/en\/wp-json\/wp\/v2\/pages\/148","targetHints":{"allow":["GET"]}}],"collection":[{"href":"https:\/\/jordankalfon.com\/en\/wp-json\/wp\/v2\/pages"}],"about":[{"href":"https:\/\/jordankalfon.com\/en\/wp-json\/wp\/v2\/types\/page"}],"author":[{"embeddable":true,"href":"https:\/\/jordankalfon.com\/en\/wp-json\/wp\/v2\/users\/1"}],"replies":[{"embeddable":true,"href":"https:\/\/jordankalfon.com\/en\/wp-json\/wp\/v2\/comments?post=148"}],"version-history":[{"count":4,"href":"https:\/\/jordankalfon.com\/en\/wp-json\/wp\/v2\/pages\/148\/revisions"}],"predecessor-version":[{"id":191,"href":"https:\/\/jordankalfon.com\/en\/wp-json\/wp\/v2\/pages\/148\/revisions\/191"}],"wp:attachment":[{"href":"https:\/\/jordankalfon.com\/en\/wp-json\/wp\/v2\/media?parent=148"}],"curies":[{"name":"wp","href":"https:\/\/api.w.org\/{rel}","templated":true}]}}