{"id":77,"date":"2024-08-05T19:40:29","date_gmt":"2024-08-05T19:40:29","guid":{"rendered":"https:\/\/jordankalfon.com\/?page_id=77"},"modified":"2024-09-10T14:45:54","modified_gmt":"2024-09-10T14:45:54","slug":"personnel","status":"publish","type":"page","link":"https:\/\/jordankalfon.com\/en\/personnel\/","title":{"rendered":"Creative work"},"content":{"rendered":"<div style=\"height:var(--wp--preset--spacing--50)\" aria-hidden=\"true\" class=\"wp-block-spacer\"><\/div>\n\n\n\n<div class=\"wp-block-group alignwide has-global-padding is-layout-constrained wp-block-group-is-layout-constrained\">\n<h1 class=\"wp-block-heading alignwide has-xx-large-font-size\" style=\"line-height:1.2\">Across Quebec and Canada, whether it\u2019s to showcase a local shop or a craft, I love capturing people and the landscapes that surround them.<\/h1>\n\n\n\n<div class=\"wp-block-query has-global-padding is-layout-constrained wp-block-query-is-layout-constrained\">\n\n\n<div class=\"wp-block-group alignwide is-layout-flow wp-block-group-is-layout-flow\" style=\"margin-top:0;margin-bottom:0;padding-top:var(--wp--preset--spacing--50);padding-right:0;padding-bottom:var(--wp--preset--spacing--50);padding-left:0\"><ul class=\"alignfull wp-block-post-template is-layout-flow wp-container-core-post-template-is-layout-09c064ec wp-block-post-template-is-layout-flow\"><li class=\"wp-block-post post-44 post type-post status-publish format-standard has-post-thumbnail hentry category-commerces\">\n<figure style=\"aspect-ratio:3\/2; margin-bottom:var(--wp--preset--spacing--20);\" class=\"wp-block-post-featured-image\"><a href=\"https:\/\/jordankalfon.com\/en\/2021\/09\/03\/la-coop\/\" target=\"_self\"  ><img loading=\"lazy\" decoding=\"async\" width=\"2048\" height=\"1583\" src=\"https:\/\/jordankalfon.com\/wp-content\/uploads\/2024\/08\/DSC00871.jpg\" class=\"attachment-post-thumbnail size-post-thumbnail wp-post-image\" alt=\"La Coop\" style=\"width:100%;height:100%;object-fit:cover;\" srcset=\"https:\/\/jordankalfon.com\/wp-content\/uploads\/2024\/08\/DSC00871.jpg 2048w, https:\/\/jordankalfon.com\/wp-content\/uploads\/2024\/08\/DSC00871-300x232.jpg 300w, https:\/\/jordankalfon.com\/wp-content\/uploads\/2024\/08\/DSC00871-1024x792.jpg 1024w, https:\/\/jordankalfon.com\/wp-content\/uploads\/2024\/08\/DSC00871-768x594.jpg 768w, https:\/\/jordankalfon.com\/wp-content\/uploads\/2024\/08\/DSC00871-1536x1187.jpg 1536w\" sizes=\"auto, (max-width: 2048px) 100vw, 2048px\" \/><\/a><\/figure>\n\n\n<div class=\"wp-block-group is-vertical is-nowrap is-layout-flex wp-container-core-group-is-layout-9bc6ff26 wp-block-group-is-layout-flex\"><h2 style=\"margin-bottom:0;\" class=\"wp-block-post-title has-x-large-font-size\"><a href=\"https:\/\/jordankalfon.com\/en\/2021\/09\/03\/la-coop\/\" target=\"_self\" >La Coop<\/a><\/h2>\n\n<div class=\"wp-block-post-excerpt has-small-font-size\"><p class=\"wp-block-post-excerpt__excerpt\">When the Covid-19 pandemic began to slow down and life started getting back to normal, the Coop Berri UQAM team asked me to help showcase their wide range of products and reposition the business as a true neighborhood store.<\/p><p class=\"wp-block-post-excerpt__more-text\"><a class=\"wp-block-post-excerpt__more-link\" href=\"https:\/\/jordankalfon.com\/en\/2021\/09\/03\/la-coop\/\">View photos<\/a><\/p><\/div>\n\n\n<div style=\"height:0px\" aria-hidden=\"true\" class=\"wp-block-spacer wp-container-content-32e3a40d\"><\/div>\n<\/div>\n\n<\/li><li class=\"wp-block-post post-38 post type-post status-publish format-standard has-post-thumbnail hentry category-tourisme\">\n<figure style=\"aspect-ratio:3\/2; margin-bottom:var(--wp--preset--spacing--20);\" class=\"wp-block-post-featured-image\"><a href=\"https:\/\/jordankalfon.com\/en\/2021\/06\/20\/insulaires\/\" target=\"_self\"  ><img loading=\"lazy\" decoding=\"async\" width=\"2048\" height=\"1365\" src=\"https:\/\/jordankalfon.com\/wp-content\/uploads\/2024\/08\/DSC04279.jpg\" class=\"attachment-post-thumbnail size-post-thumbnail wp-post-image\" alt=\"La p\u00eache aux \u00celes.\" style=\"width:100%;height:100%;object-fit:cover;\" srcset=\"https:\/\/jordankalfon.com\/wp-content\/uploads\/2024\/08\/DSC04279.jpg 2048w, https:\/\/jordankalfon.com\/wp-content\/uploads\/2024\/08\/DSC04279-300x200.jpg 300w, https:\/\/jordankalfon.com\/wp-content\/uploads\/2024\/08\/DSC04279-1024x683.jpg 1024w, https:\/\/jordankalfon.com\/wp-content\/uploads\/2024\/08\/DSC04279-768x512.jpg 768w, https:\/\/jordankalfon.com\/wp-content\/uploads\/2024\/08\/DSC04279-1536x1024.jpg 1536w\" sizes=\"auto, (max-width: 2048px) 100vw, 2048px\" \/><\/a><\/figure>\n\n\n<div class=\"wp-block-group is-vertical is-nowrap is-layout-flex wp-container-core-group-is-layout-9bc6ff26 wp-block-group-is-layout-flex\"><h2 style=\"margin-bottom:0;\" class=\"wp-block-post-title has-x-large-font-size\"><a href=\"https:\/\/jordankalfon.com\/en\/2021\/06\/20\/insulaires\/\" target=\"_self\" >La p\u00eache aux \u00celes.<\/a><\/h2>\n\n<div class=\"wp-block-post-excerpt has-small-font-size\"><p class=\"wp-block-post-excerpt__excerpt\">On the Magdalen Islands, lobster fishing season is short and intense. During this period, the fishermen\u2019s daily routine changes dramatically after months of a slower pace. From 2:30 a.m., they gather at the dock, ready for a 10-hour workday.<\/p><p class=\"wp-block-post-excerpt__more-text\"><a class=\"wp-block-post-excerpt__more-link\" href=\"https:\/\/jordankalfon.com\/en\/2021\/06\/20\/insulaires\/\">View photos<\/a><\/p><\/div>\n\n\n<div style=\"height:0px\" aria-hidden=\"true\" class=\"wp-block-spacer wp-container-content-32e3a40d\"><\/div>\n<\/div>\n\n<\/li><li class=\"wp-block-post post-85 post type-post status-publish format-standard has-post-thumbnail hentry category-commerces\">\n<figure style=\"aspect-ratio:3\/2; margin-bottom:var(--wp--preset--spacing--20);\" class=\"wp-block-post-featured-image\"><a href=\"https:\/\/jordankalfon.com\/en\/2020\/07\/01\/le-kiosque-mont-royal\/\" target=\"_self\"  ><img loading=\"lazy\" decoding=\"async\" width=\"2560\" height=\"1920\" src=\"https:\/\/jordankalfon.com\/wp-content\/uploads\/2024\/09\/1188360-1-scaled-1.jpg\" class=\"attachment-post-thumbnail size-post-thumbnail wp-post-image\" alt=\"Le Kiosque Mont-Royal\" style=\"width:100%;height:100%;object-fit:cover;\" srcset=\"https:\/\/jordankalfon.com\/wp-content\/uploads\/2024\/09\/1188360-1-scaled-1.jpg 2560w, https:\/\/jordankalfon.com\/wp-content\/uploads\/2024\/09\/1188360-1-scaled-1-300x225.jpg 300w, https:\/\/jordankalfon.com\/wp-content\/uploads\/2024\/09\/1188360-1-scaled-1-1024x768.jpg 1024w, https:\/\/jordankalfon.com\/wp-content\/uploads\/2024\/09\/1188360-1-scaled-1-768x576.jpg 768w, https:\/\/jordankalfon.com\/wp-content\/uploads\/2024\/09\/1188360-1-scaled-1-1536x1152.jpg 1536w, https:\/\/jordankalfon.com\/wp-content\/uploads\/2024\/09\/1188360-1-scaled-1-2048x1536.jpg 2048w\" sizes=\"auto, (max-width: 2560px) 100vw, 2560px\" \/><\/a><\/figure>\n\n\n<div class=\"wp-block-group is-vertical is-nowrap is-layout-flex wp-container-core-group-is-layout-9bc6ff26 wp-block-group-is-layout-flex\"><h2 style=\"margin-bottom:0;\" class=\"wp-block-post-title has-x-large-font-size\"><a href=\"https:\/\/jordankalfon.com\/en\/2020\/07\/01\/le-kiosque-mont-royal\/\" target=\"_self\" >Le Kiosque Mont-Royal<\/a><\/h2>\n\n<div class=\"wp-block-post-excerpt has-small-font-size\"><p class=\"wp-block-post-excerpt__excerpt\">The Kiosque Mont-Royal asked me to highlight the variety of their products, from fresh fruits and vegetables to the many plants they offer.<\/p><p class=\"wp-block-post-excerpt__more-text\"><a class=\"wp-block-post-excerpt__more-link\" href=\"https:\/\/jordankalfon.com\/en\/2020\/07\/01\/le-kiosque-mont-royal\/\">View photos<\/a><\/p><\/div>\n\n\n<div style=\"height:0px\" aria-hidden=\"true\" class=\"wp-block-spacer wp-container-content-32e3a40d\"><\/div>\n<\/div>\n\n<\/li><\/ul>\n\n\n<div style=\"margin-top:0;margin-bottom:0;height:var(--wp--preset--spacing--50)\" aria-hidden=\"true\" class=\"wp-block-spacer\"><\/div>\n\n\n<\/div>\n<\/div>\n<\/div>","protected":false},"excerpt":{"rendered":"<p>Across Quebec and Canada, whether it\u2019s to showcase a local shop or a craft, I love capturing people and the landscapes that surround them.<\/p>","protected":false},"author":1,"featured_media":0,"parent":0,"menu_order":0,"comment_status":"closed","ping_status":"closed","template":"","meta":{"footnotes":""},"class_list":["post-77","page","type-page","status-publish","hentry"],"yoast_head":"<!-- This site is optimized with the Yoast SEO plugin v23.4 - https:\/\/yoast.com\/wordpress\/plugins\/seo\/ -->\n<title>Projets personnels - Jordan Kalfon<\/title>\n<meta name=\"robots\" content=\"index, follow, max-snippet:-1, max-image-preview:large, max-video-preview:-1\" \/>\n<link rel=\"canonical\" href=\"https:\/\/jordankalfon.com\/en\/personnel\/\" \/>\n<meta property=\"og:locale\" content=\"en_US\" \/>\n<meta property=\"og:type\" content=\"article\" \/>\n<meta property=\"og:title\" content=\"Projets personnels - Jordan Kalfon\" \/>\n<meta property=\"og:description\" content=\"\u00c0 travers le Qu\u00e9bec et le Canada, que ce soit pour mettre de l&rsquo;avant un commerce local ou un m\u00e9tier, j&rsquo;aime montrer les gens et les paysages d&rsquo;ici.\" \/>\n<meta property=\"og:url\" content=\"https:\/\/jordankalfon.com\/en\/personnel\/\" \/>\n<meta property=\"og:site_name\" content=\"Jordan Kalfon\" \/>\n<meta property=\"article:modified_time\" content=\"2024-09-10T14:45:54+00:00\" \/>\n<meta name=\"twitter:card\" content=\"summary_large_image\" \/>\n<script type=\"application\/ld+json\" class=\"yoast-schema-graph\">{\"@context\":\"https:\/\/schema.org\",\"@graph\":[{\"@type\":\"WebPage\",\"@id\":\"https:\/\/jordankalfon.com\/personnel\/\",\"url\":\"https:\/\/jordankalfon.com\/personnel\/\",\"name\":\"Projets personnels - Jordan Kalfon\",\"isPartOf\":{\"@id\":\"https:\/\/jordankalfon.com\/#website\"},\"datePublished\":\"2024-08-05T19:40:29+00:00\",\"dateModified\":\"2024-09-10T14:45:54+00:00\",\"breadcrumb\":{\"@id\":\"https:\/\/jordankalfon.com\/personnel\/#breadcrumb\"},\"inLanguage\":\"en-CA\",\"potentialAction\":[{\"@type\":\"ReadAction\",\"target\":[\"https:\/\/jordankalfon.com\/personnel\/\"]}]},{\"@type\":\"BreadcrumbList\",\"@id\":\"https:\/\/jordankalfon.com\/personnel\/#breadcrumb\",\"itemListElement\":[{\"@type\":\"ListItem\",\"position\":1,\"name\":\"Accueil\",\"item\":\"https:\/\/jordankalfon.com\/\"},{\"@type\":\"ListItem\",\"position\":2,\"name\":\"Projets personnels\"}]},{\"@type\":\"WebSite\",\"@id\":\"https:\/\/jordankalfon.com\/#website\",\"url\":\"https:\/\/jordankalfon.com\/\",\"name\":\"Jordan Kalfon\",\"description\":\"Producteur et strat\u00e8ge de contenu num\u00e9rique\",\"potentialAction\":[{\"@type\":\"SearchAction\",\"target\":{\"@type\":\"EntryPoint\",\"urlTemplate\":\"https:\/\/jordankalfon.com\/?s={search_term_string}\"},\"query-input\":{\"@type\":\"PropertyValueSpecification\",\"valueRequired\":true,\"valueName\":\"search_term_string\"}}],\"inLanguage\":\"en-CA\"}]}<\/script>\n<!-- \/ Yoast SEO plugin. -->","yoast_head_json":{"title":"Projets personnels - Jordan Kalfon","robots":{"index":"index","follow":"follow","max-snippet":"max-snippet:-1","max-image-preview":"max-image-preview:large","max-video-preview":"max-video-preview:-1"},"canonical":"https:\/\/jordankalfon.com\/en\/personnel\/","og_locale":"en_US","og_type":"article","og_title":"Projets personnels - Jordan Kalfon","og_description":"\u00c0 travers le Qu\u00e9bec et le Canada, que ce soit pour mettre de l&rsquo;avant un commerce local ou un m\u00e9tier, j&rsquo;aime montrer les gens et les paysages d&rsquo;ici.","og_url":"https:\/\/jordankalfon.com\/en\/personnel\/","og_site_name":"Jordan Kalfon","article_modified_time":"2024-09-10T14:45:54+00:00","twitter_card":"summary_large_image","schema":{"@context":"https:\/\/schema.org","@graph":[{"@type":"WebPage","@id":"https:\/\/jordankalfon.com\/personnel\/","url":"https:\/\/jordankalfon.com\/personnel\/","name":"Projets personnels - Jordan Kalfon","isPartOf":{"@id":"https:\/\/jordankalfon.com\/#website"},"datePublished":"2024-08-05T19:40:29+00:00","dateModified":"2024-09-10T14:45:54+00:00","breadcrumb":{"@id":"https:\/\/jordankalfon.com\/personnel\/#breadcrumb"},"inLanguage":"en-CA","potentialAction":[{"@type":"ReadAction","target":["https:\/\/jordankalfon.com\/personnel\/"]}]},{"@type":"BreadcrumbList","@id":"https:\/\/jordankalfon.com\/personnel\/#breadcrumb","itemListElement":[{"@type":"ListItem","position":1,"name":"Accueil","item":"https:\/\/jordankalfon.com\/"},{"@type":"ListItem","position":2,"name":"Projets personnels"}]},{"@type":"WebSite","@id":"https:\/\/jordankalfon.com\/#website","url":"https:\/\/jordankalfon.com\/","name":"Jordan Kalfon","description":"Producteur et strat\u00e8ge de contenu num\u00e9rique","potentialAction":[{"@type":"SearchAction","target":{"@type":"EntryPoint","urlTemplate":"https:\/\/jordankalfon.com\/?s={search_term_string}"},"query-input":{"@type":"PropertyValueSpecification","valueRequired":true,"valueName":"search_term_string"}}],"inLanguage":"en-CA"}]}},"_links":{"self":[{"href":"https:\/\/jordankalfon.com\/en\/wp-json\/wp\/v2\/pages\/77","targetHints":{"allow":["GET"]}}],"collection":[{"href":"https:\/\/jordankalfon.com\/en\/wp-json\/wp\/v2\/pages"}],"about":[{"href":"https:\/\/jordankalfon.com\/en\/wp-json\/wp\/v2\/types\/page"}],"author":[{"embeddable":true,"href":"https:\/\/jordankalfon.com\/en\/wp-json\/wp\/v2\/users\/1"}],"replies":[{"embeddable":true,"href":"https:\/\/jordankalfon.com\/en\/wp-json\/wp\/v2\/comments?post=77"}],"version-history":[{"count":13,"href":"https:\/\/jordankalfon.com\/en\/wp-json\/wp\/v2\/pages\/77\/revisions"}],"predecessor-version":[{"id":199,"href":"https:\/\/jordankalfon.com\/en\/wp-json\/wp\/v2\/pages\/77\/revisions\/199"}],"wp:attachment":[{"href":"https:\/\/jordankalfon.com\/en\/wp-json\/wp\/v2\/media?parent=77"}],"curies":[{"name":"wp","href":"https:\/\/api.w.org\/{rel}","templated":true}]}}